{"id":182,"date":"2025-10-30T05:34:23","date_gmt":"2025-10-30T05:34:23","guid":{"rendered":"https:\/\/avalosgxp.com\/services\/"},"modified":"2025-10-30T05:35:39","modified_gmt":"2025-10-30T05:35:39","slug":"services","status":"publish","type":"page","link":"https:\/\/avalosgxp.com\/es\/services\/","title":{"rendered":"Servicios"},"content":{"rendered":"<div class=\"wp-block-group alignfull has-background-background-color has-background has-global-padding is-layout-constrained wp-container-core-group-is-layout-7276a2bb wp-block-group-is-layout-constrained\" style=\"margin-top:0;margin-bottom:0;padding-top:var(--wp--preset--spacing--60);padding-right:var(--wp--preset--spacing--30);padding-bottom:var(--wp--preset--spacing--60);padding-left:var(--wp--preset--spacing--30)\">\n<div class=\"wp-block-group alignwide has-global-padding is-content-justification-center is-layout-constrained wp-block-group-is-layout-constrained\">\n<h2 class=\"wp-block-heading has-text-align-center has-large-font-size\">Service Overview<\/h2>\n\n\n\n<p class=\"has-text-align-center\" style=\"margin-top:16px\">Discover how Avalos GxP delivers expert support in CSV, Data Governance, and GxP Compliance to ensure your systems meet rigorous regulatory standards.<\/p>\n<\/div>\n\n\n\n<div class=\"wp-block-buttons is-content-justification-center is-layout-flex wp-container-core-buttons-is-layout-d2a3880e wp-block-buttons-is-layout-flex\" style=\"margin-top:var(--wp--preset--spacing--30)\">\n<div class=\"wp-block-button is-style-fill\"><a class=\"wp-block-button__link wp-element-button\" href=\"https:\/\/avalosgxp.com\/es\/contact\/\">Learn More<\/a><\/div>\n<\/div>\n\n\n\n<div class=\"wp-block-cover alignwide is-light extendify-image-import\"><img decoding=\"async\" class=\"wp-block-cover__image-background\" alt=\"\" src=\"https:\/\/images.unsplash.com\/photo-1551288049-bebda4e38f71?ixid=M3w0MzUxNjF8MHwxfHNlYXJjaHw5fHxkYXRhJTIwZ292ZXJuYW5jZXxlbnwwfHx8fDE3NjE4MDEzMjR8MA&amp;ixlib=rb-4.1.0&amp;orientation=landscape?fit=crop&amp;crop=entropy%2Cfaces&amp;auto=format%2Ccompress&amp;w=1280\" data-object-fit=\"cover\"\/><span aria-hidden=\"true\" class=\"wp-block-cover__background has-background-dim-0 has-background-dim\"><\/span><div class=\"wp-block-cover__inner-container is-layout-flow wp-block-cover-is-layout-flow\">\n<div style=\"height:480px\" aria-hidden=\"true\" class=\"wp-block-spacer\"><\/div>\n<\/div><\/div>\n\n\n\n<div class=\"wp-block-columns alignwide is-layout-flex wp-container-core-columns-is-layout-d0846407 wp-block-columns-is-layout-flex\">\n<div class=\"wp-block-column is-layout-flow wp-block-column-is-layout-flow\">\n<h3 class=\"wp-block-heading has-text-align-center\" style=\"font-size:clamp(0.984rem, 0.984rem + ((1vw - 0.2rem) * 0.86), 1.5rem);line-height:1.5\">Computerized System Validation (CSV)<\/h3>\n\n\n\n<p class=\"has-text-align-center has-small-font-size\" style=\"margin-top:8px\">We validate your IT systems following ISPE GAMP 5 V2 and 21 CFR Part 11, guaranteeing compliance and audit readiness for regulated industries.<\/p>\n<\/div>\n\n\n\n<div class=\"wp-block-column is-layout-flow wp-block-column-is-layout-flow\">\n<h3 class=\"wp-block-heading has-text-align-center\" style=\"font-size:clamp(0.984rem, 0.984rem + ((1vw - 0.2rem) * 0.86), 1.5rem);line-height:1.5\">Data Governance Excellence<\/h3>\n\n\n\n<p class=\"has-text-align-center has-small-font-size\" style=\"margin-top:8px\">Implement effective data integrity frameworks that comply with EudraLex Annex 11 and NOM-059 SSA1, ensuring reliable and secure data management.<\/p>\n<\/div>\n\n\n\n<div class=\"wp-block-column is-layout-flow wp-block-column-is-layout-flow\">\n<h3 class=\"wp-block-heading has-text-align-center\" style=\"font-size:clamp(0.984rem, 0.984rem + ((1vw - 0.2rem) * 0.86), 1.5rem);line-height:1.5\">GxP Compliance Consulting<\/h3>\n\n\n\n<p class=\"has-text-align-center has-small-font-size\" style=\"margin-top:8px\">Receive tailored guidance to align your operations with GxP regulations, promoting operational excellence and sustaining long-term compliance.<\/p>\n<\/div>\n<\/div>\n<\/div>\n\n<div class=\"wp-block-group alignfull has-tertiary-background-color has-background has-global-padding is-layout-constrained wp-container-core-group-is-layout-7276a2bb wp-block-group-is-layout-constrained\" id=\"features\" style=\"margin-top:0;margin-bottom:0;padding-top:var(--wp--preset--spacing--60);padding-right:var(--wp--preset--spacing--30);padding-bottom:var(--wp--preset--spacing--60);padding-left:var(--wp--preset--spacing--30)\">\n<div class=\"wp-block-columns alignwide are-vertically-aligned-center is-layout-flex wp-container-core-columns-is-layout-1d9f35bd wp-block-columns-is-layout-flex\">\n<div class=\"wp-block-column is-vertically-aligned-center is-layout-flow wp-block-column-is-layout-flow\">\n<figure class=\"wp-block-image aligncenter ext-aspect-landscape is-style-rounded extendify-image-import\"><img decoding=\"async\" src=\"https:\/\/images.unsplash.com\/photo-1705484229341-4f7f7519b718?ixid=M3w0MzUxNjF8MHwxfHNlYXJjaHwxMHx8ZGF0YSUyMGdvdmVybmFuY2V8ZW58MHx8fHwxNzYxODAxMzI0fDA&amp;ixlib=rb-4.1.0&amp;orientation=landscape?fit=crop&amp;crop=entropy%2Cfaces&amp;auto=format%2Ccompress&amp;w=1280\" alt=\"\" style=\"aspect-ratio:3\/4;object-fit:cover\"\/><\/figure>\n<\/div>\n\n\n\n<div class=\"wp-block-column is-vertically-aligned-center is-layout-flow wp-block-column-is-layout-flow\">\n<div class=\"wp-block-group has-global-padding is-content-justification-left is-layout-constrained wp-container-core-group-is-layout-12dd3699 wp-block-group-is-layout-constrained\">\n<h2 class=\"wp-block-heading\" style=\"margin-top:12px\">Consultor\u00eda Experta en Validaci\u00f3n y Cumplimiento GxP<\/h2>\n\n\n\n<p style=\"margin-top:16px\">Descubra c\u00f3mo nuestros servicios independientes en CSV y gobernanza de datos garantizan sistemas conformes y datos \u00edntegros, adaptados a normativas globales y locales.<\/p>\n<\/div>\n<\/div>\n<\/div>\n<\/div>\n\n<div class=\"wp-block-group alignfull has-background-background-color has-background has-global-padding is-layout-constrained wp-container-core-group-is-layout-fb85e995 wp-block-group-is-layout-constrained\" id=\"book-now\" style=\"margin-top:0;margin-bottom:0;padding-top:var(--wp--preset--spacing--60);padding-right:var(--wp--preset--spacing--30);padding-bottom:var(--wp--preset--spacing--60);padding-left:var(--wp--preset--spacing--30)\">\n<div class=\"wp-block-group alignwide is-vertical is-layout-flex wp-container-core-group-is-layout-fe9cc265 wp-block-group-is-layout-flex\">\n<div class=\"wp-block-group has-global-padding is-layout-constrained wp-block-group-is-layout-constrained\">\n<h2 class=\"wp-block-heading has-large-font-size\">Consultor\u00eda l\u00edder en Validaci\u00f3n y Gobernanza de Datos GxP<\/h2>\n\n\n\n<p style=\"margin-top:16px\">Reserve sus citas con facilidad y rapidez, contando con toda la informaci\u00f3n esencial para asegurar un proceso \u00e1gil y sin contratiempos.<\/p>\n<\/div>\n<\/div>\n\n\n\n<div class=\"wp-block-group alignwide is-layout-flow wp-block-group-is-layout-flow\"><div class=\"alert-container\">    <div class=\"alert alert-danger\" style=\"font-size: 16px; color: #721c24;background-color: #f8d7da;border-color: #f5c6cb; padding: 20px; border-radius: 5px;\">        <strong>Notice:<\/strong>        This is a demo SimplyBook.me widget.    <\/div><\/div><div id=\"sbw_z0hg2i_calendar\"><\/div><script type=\"text\/javascript\">function instantiateSimplyBookWidget() {    new SimplybookWidget({        \"widget_type\": \"iframe\",        \"url\": \"https:\/\/demowidgetwpplugin.simplybook.it\",        \"theme\": \"default\",        \"theme_settings\": {\"timeline_show_end_time\":false,\"timeline_hide_unavailable\":true,\"hide_past_days\":false,\"hide_img_mode\":true,\"show_sidebar\":true,\"timeline_modern_display\":\"as_slots\",\"display_item_mode\":\"block\",\"sb_base_color\":\"#595769\",\"booking_nav_bg_color\":\"#ffffff\",\"body_bg_color\":\"#f7f7f7\",\"dark_font_color\":\"#494949\",\"light_font_color\":\"var(--wp--custom--elements--button--color--text)\",\"btn_color_1\":\"#ffffff\",\"sb_company_label_color\":\"#ffffff\",\"sb_busy\":\"#595769\",\"sb_available\":\"var(--wp--custom--elements--button--color--background)\",\"sb_review_image\":\"\",\"hide_company_label\":false,\"link_color\":\"var(--wp--custom--elements--button--color--background)\"},        \"timeline\": \"modern\",        \"datepicker\": \"top_calendar\",        \"is_rtl\": \"\",        \"app_config\": {            \"clear_session\": \"1\",            \"allow_switch_to_ada\": \"\",            \"predefined\": [],        },        \"container_id\": \"sbw_z0hg2i_calendar\"    });}document.addEventListener(\"DOMContentLoaded\", instantiateSimplyBookWidget);document.addEventListener(\"loadSimplyBookPreviewWidget\", instantiateSimplyBookWidget);<\/script><\/div>\n<\/div>\n\n<div class=\"wp-block-group alignfull has-tertiary-background-color has-background has-global-padding is-layout-constrained wp-container-core-group-is-layout-7276a2bb wp-block-group-is-layout-constrained\" id=\"events\" style=\"margin-top:0;margin-bottom:0;padding-top:var(--wp--preset--spacing--60);padding-right:var(--wp--preset--spacing--30);padding-bottom:var(--wp--preset--spacing--60);padding-left:var(--wp--preset--spacing--30)\">\n<div class=\"wp-block-group alignwide is-vertical is-layout-flex wp-container-core-group-is-layout-fe9cc265 wp-block-group-is-layout-flex\">\n<div class=\"wp-block-group alignwide has-global-padding is-content-justification-left is-layout-constrained wp-container-core-group-is-layout-12dd3699 wp-block-group-is-layout-constrained\">\n<h3 class=\"wp-block-heading\">Garantizamos la Excelencia en Integridad de Datos GxP<\/h3>\n\n\n\n<p style=\"margin-top:16px\">Descubre nuestras consultor\u00edas especializadas, talleres y seminarios dise\u00f1ados para impulsar tu cumplimiento normativo y optimizar la validaci\u00f3n de sistemas computarizados.<\/p>\n<\/div>\n<\/div>\n\n\n\n<div class=\"wp-block-columns alignwide is-layout-flex wp-container-core-columns-is-layout-28f84493 wp-block-columns-is-layout-flex\">\n<div class=\"wp-block-column is-layout-flow wp-container-core-column-is-layout-8a368f38 wp-block-column-is-layout-flow\">\n<figure class=\"wp-block-image has-custom-border extendify-image-import\"><img decoding=\"async\" src=\"https:\/\/images.unsplash.com\/photo-1633175354158-b252df554c39?fit=crop&amp;crop=entropy%2Cfaces&amp;auto=format%2Ccompress&amp;w=1280\" alt=\"\" style=\"border-top-left-radius:20rem;border-top-right-radius:20rem;border-bottom-left-radius:0rem;border-bottom-right-radius:0rem;aspect-ratio:1;object-fit:cover\"\/><\/figure>\n\n\n\n<div class=\"wp-block-group has-background-background-color has-background has-global-padding is-layout-constrained wp-container-core-group-is-layout-23b1a4dc wp-block-group-is-layout-constrained\" style=\"border-top-left-radius:0rem;border-top-right-radius:0rem;border-bottom-right-radius:0rem;padding-top:var(--wp--preset--spacing--30);padding-right:var(--wp--preset--spacing--30);padding-bottom:var(--wp--preset--spacing--30);padding-left:var(--wp--preset--spacing--30)\">\n<div class=\"wp-block-group is-vertical is-content-justification-left is-nowrap is-layout-flex wp-container-core-group-is-layout-c0c59743 wp-block-group-is-layout-flex\">\n<h3 class=\"wp-block-heading\" style=\"font-size:clamp(14px, 0.875rem + ((1vw - 3.2px) * 0.625), 20px);line-height:1.5\">Seminario sobre Validaci\u00f3n de Sistemas seg\u00fan ISPE GAMP 5 V2<\/h3>\n\n\n\n<p class=\"has-small-font-size\" style=\"text-transform:uppercase\">Jul 24, 2026<\/p>\n<\/div>\n\n\n\n<p class=\"has-small-font-size\" style=\"margin-top:16px\">Aprende a implementar pr\u00e1cticas robustas para cumplir con normativas como 21 CFR Part 11 y Anexo 11.<\/p>\n<\/div>\n<\/div>\n\n\n\n<div class=\"wp-block-column is-layout-flow wp-container-core-column-is-layout-8a368f38 wp-block-column-is-layout-flow\">\n<figure class=\"wp-block-image has-custom-border extendify-image-import\"><img decoding=\"async\" src=\"https:\/\/images.unsplash.com\/photo-1661478845791-4c73e9085554?fit=crop&amp;crop=entropy%2Cfaces&amp;auto=format%2Ccompress&amp;w=1280\" alt=\"\" style=\"border-top-left-radius:20rem;border-top-right-radius:20rem;border-bottom-left-radius:0rem;border-bottom-right-radius:0rem;aspect-ratio:1;object-fit:cover\"\/><\/figure>\n\n\n\n<div class=\"wp-block-group has-background-background-color has-background has-global-padding is-layout-constrained wp-container-core-group-is-layout-23b1a4dc wp-block-group-is-layout-constrained\" style=\"border-top-left-radius:0rem;border-top-right-radius:0rem;border-bottom-right-radius:0rem;padding-top:var(--wp--preset--spacing--30);padding-right:var(--wp--preset--spacing--30);padding-bottom:var(--wp--preset--spacing--30);padding-left:var(--wp--preset--spacing--30)\">\n<div class=\"wp-block-group is-vertical is-content-justification-left is-nowrap is-layout-flex wp-container-core-group-is-layout-c0c59743 wp-block-group-is-layout-flex\">\n<h3 class=\"wp-block-heading\" style=\"font-size:clamp(14px, 0.875rem + ((1vw - 3.2px) * 0.625), 20px);line-height:1.5\">Taller Pr\u00e1ctico de Gobernanza de Datos para la Industria Farmac\u00e9utica<\/h3>\n\n\n\n<p class=\"has-small-font-size\" style=\"text-transform:uppercase\">Aug 23, 2026<\/p>\n<\/div>\n\n\n\n<p class=\"has-small-font-size\" style=\"margin-top:16px\">Explora estrategias para asegurar la integridad y trazabilidad de tus datos durante todo el ciclo de vida.<\/p>\n<\/div>\n<\/div>\n\n\n\n<div class=\"wp-block-column is-layout-flow wp-container-core-column-is-layout-8a368f38 wp-block-column-is-layout-flow\">\n<figure class=\"wp-block-image has-custom-border extendify-image-import\"><img decoding=\"async\" src=\"https:\/\/images.unsplash.com\/photo-1740908900846-4bbd4f22c975?ixid=M3w0MzUxNjF8MHwxfHNlYXJjaHw1fHxkYXRhJTIwZ292ZXJuYW5jZXxlbnwwfHx8fDE3NjE4MDEzMjR8MA&amp;ixlib=rb-4.1.0&amp;orientation=landscape?fit=crop&amp;crop=entropy%2Cfaces&amp;auto=format%2Ccompress&amp;w=1280\" alt=\"\" style=\"border-top-left-radius:20rem;border-top-right-radius:20rem;border-bottom-left-radius:0rem;border-bottom-right-radius:0rem;aspect-ratio:1;object-fit:cover\"\/><\/figure>\n\n\n\n<div class=\"wp-block-group has-background-background-color has-background has-global-padding is-layout-constrained wp-container-core-group-is-layout-23b1a4dc wp-block-group-is-layout-constrained\" style=\"border-top-left-radius:0rem;border-top-right-radius:0rem;border-bottom-right-radius:0rem;padding-top:var(--wp--preset--spacing--30);padding-right:var(--wp--preset--spacing--30);padding-bottom:var(--wp--preset--spacing--30);padding-left:var(--wp--preset--spacing--30)\">\n<div class=\"wp-block-group is-vertical is-content-justification-left is-nowrap is-layout-flex wp-container-core-group-is-layout-c0c59743 wp-block-group-is-layout-flex\">\n<h3 class=\"wp-block-heading\" style=\"font-size:clamp(14px, 0.875rem + ((1vw - 3.2px) * 0.625), 20px);line-height:1.5\">Webinar sobre Cumplimiento de NOM-059 SSA1 en Biotecnolog\u00eda<\/h3>\n\n\n\n<p class=\"has-small-font-size\" style=\"text-transform:uppercase\">Oct 14, 2026<\/p>\n<\/div>\n\n\n\n<p class=\"has-small-font-size\" style=\"margin-top:16px\">Conoce los requisitos clave y mejores pr\u00e1cticas para auditor\u00edas regulatorias exitosas.<\/p>\n<\/div>\n<\/div>\n<\/div>\n<\/div>","protected":false},"excerpt":{"rendered":"<p>Service Overview Discover how Avalos GxP delivers expert support in CSV, Data Governance, and GxP Compliance to ensure your systems meet rigorous regulatory standards. Computerized System Validation (CSV) We validate [&hellip;]<\/p>\n","protected":false},"author":1,"featured_media":0,"parent":0,"menu_order":0,"comment_status":"closed","ping_status":"closed","template":"page-with-title","meta":{"_EventAllDay":false,"_EventTimezone":"","_EventStartDate":"","_EventEndDate":"","_EventStartDateUTC":"","_EventEndDateUTC":"","_EventShowMap":false,"_EventShowMapLink":false,"_EventURL":"","_EventCost":"","_EventCostDescription":"","_EventCurrencySymbol":"","_EventCurrencyCode":"","_EventCurrencyPosition":"","_EventDateTimeSeparator":"","_EventTimeRangeSeparator":"","_EventOrganizerID":[],"_EventVenueID":[],"_OrganizerEmail":"","_OrganizerPhone":"","_OrganizerWebsite":"","_VenueAddress":"","_VenueCity":"","_VenueCountry":"","_VenueProvince":"","_VenueState":"","_VenueZip":"","_VenuePhone":"","_VenueURL":"","_VenueStateProvince":"","_VenueLat":"","_VenueLng":"","_VenueShowMap":false,"_VenueShowMapLink":false,"footnotes":""},"class_list":["post-182","page","type-page","status-publish","hentry"],"aioseo_notices":[],"jetpack_sharing_enabled":true,"_links":{"self":[{"href":"https:\/\/avalosgxp.com\/es\/wp-json\/wp\/v2\/pages\/182","targetHints":{"allow":["GET"]}}],"collection":[{"href":"https:\/\/avalosgxp.com\/es\/wp-json\/wp\/v2\/pages"}],"about":[{"href":"https:\/\/avalosgxp.com\/es\/wp-json\/wp\/v2\/types\/page"}],"author":[{"embeddable":true,"href":"https:\/\/avalosgxp.com\/es\/wp-json\/wp\/v2\/users\/1"}],"replies":[{"embeddable":true,"href":"https:\/\/avalosgxp.com\/es\/wp-json\/wp\/v2\/comments?post=182"}],"version-history":[{"count":1,"href":"https:\/\/avalosgxp.com\/es\/wp-json\/wp\/v2\/pages\/182\/revisions"}],"predecessor-version":[{"id":209,"href":"https:\/\/avalosgxp.com\/es\/wp-json\/wp\/v2\/pages\/182\/revisions\/209"}],"wp:attachment":[{"href":"https:\/\/avalosgxp.com\/es\/wp-json\/wp\/v2\/media?parent=182"}],"curies":[{"name":"wp","href":"https:\/\/api.w.org\/{rel}","templated":true}]}}